{"id":943,"date":"2026-03-18T17:51:04","date_gmt":"2026-03-18T16:51:04","guid":{"rendered":"https:\/\/www.calypsoevp.com\/privacy-policy-deu\/"},"modified":"2026-03-24T10:50:01","modified_gmt":"2026-03-24T09:50:01","slug":"datenschutzerklarung","status":"publish","type":"page","link":"https:\/\/www.calypsoevp.com\/de\/datenschutzerklarung\/","title":{"rendered":"Datenschutzerkl\u00e4rung"},"content":{"rendered":"\t\t<div data-elementor-type=\"wp-page\" data-elementor-id=\"943\" class=\"elementor elementor-943 elementor-411\" data-elementor-post-type=\"page\">\n\t\t\t\t<div class=\"elementor-element elementor-element-8bd8c06 e-flex e-con-boxed e-con e-parent\" data-id=\"8bd8c06\" data-element_type=\"container\" data-e-type=\"container\">\n\t\t\t\t\t<div class=\"e-con-inner\">\n\t\t<div class=\"elementor-element elementor-element-9eb3df6 e-con-full e-flex e-con e-child\" data-id=\"9eb3df6\" data-element_type=\"container\" data-e-type=\"container\">\n\t\t\t\t<div class=\"elementor-element elementor-element-807c52c elementor-widget elementor-widget-heading\" data-id=\"807c52c\" data-element_type=\"widget\" data-e-type=\"widget\" data-widget_type=\"heading.default\">\n\t\t\t\t<div class=\"elementor-widget-container\">\n\t\t\t\t\t<h2 class=\"elementor-heading-title elementor-size-default\">Datenschutzerkl\u00e4rung<\/h2>\t\t\t\t<\/div>\n\t\t\t\t<\/div>\n\t\t\t\t<div class=\"elementor-element elementor-element-4b228ae elementor-widget elementor-widget-text-editor\" data-id=\"4b228ae\" data-element_type=\"widget\" data-e-type=\"widget\" data-widget_type=\"text-editor.default\">\n\t\t\t\t<div class=\"elementor-widget-container\">\n\t\t\t\t\t\t\t\t\t<p><strong>VERARBEITUNG PERSONENBEZOGENER DATEN<\/strong><\/p><p>Sehr geehrte Damen und Herren, gem\u00e4\u00df dem Gesetzesdekret Nr. 196\/2003 (Datenschutzgesetz), das das Gesetz Nr. 675\/1996 ersetzt hat, erfolgt die Verarbeitung Ihrer Daten nach den Grunds\u00e4tzen der Rechtm\u00e4\u00dfigkeit, Transparenz und des Schutzes Ihrer Privatsph\u00e4re und Rechte.<\/p><p>Gem\u00e4\u00df Art. 13 des Gesetzesdekrets Nr. 196\/2003 informieren wir Sie wie folgt:<br \/>Die von Ihnen freiwillig bereitgestellten Daten werden im Rahmen der Datenschutzbestimmungen f\u00fcr folgende Zwecke verarbeitet: Speicherung von Kundendaten f\u00fcr m\u00f6gliche Kommunikation und Kontaktaufnahme.<\/p><p>Die Verarbeitung erfolgt in Papierform und\/oder elektronisch. Die Angabe von Name, Nachname, Adresse, Telefonnummer und E-Mail-Adresse ist erforderlich, um die angeforderten Dienstleistungen zu erbringen. Eine Verweigerung kann zur teilweisen oder vollst\u00e4ndigen Nichterbringung der Dienstleistungen f\u00fchren.<\/p><p>Die Angabe von Telefonnummer und E-Mail-Adresse dient dazu, Sie \u00fcber Aktivit\u00e4ten und Dienstleistungen von Ranking Road Italia zu informieren.<\/p><p>Personenbezogene Daten werden nicht ohne Ihre ausdr\u00fcckliche Zustimmung f\u00fcr Werbezwecke verwendet.<br \/>Sensible Daten (z. B. Herkunft, Religion, politische Meinung, Gesundheitsdaten usw.) werden ohne Ihre ausdr\u00fcckliche schriftliche Zustimmung nicht verarbeitet.<\/p><p>Verantwortlicher f\u00fcr die Datenverarbeitung ist Ranking Road Italia Srl, Via Emilia Est 216\/A, 43123 Parma, Italien.<\/p><p>Die Datenverarbeitung erfolgt ausschlie\u00dflich durch autorisiertes Personal.<br \/>Sie k\u00f6nnen jederzeit Ihre Rechte gem\u00e4\u00df Art. 7 aus\u00fcben, insbesondere Auskunft, Berichtigung, L\u00f6schung oder Widerspruch.<br \/>Weitere Informationen finden Sie unter: www.garanteprivacy.it<\/p>\t\t\t\t\t\t\t\t<\/div>\n\t\t\t\t<\/div>\n\t\t\t\t<\/div>\n\t\t\t\t\t<\/div>\n\t\t\t\t<\/div>\n\t\t\t\t<\/div>\n\t\t","protected":false},"excerpt":{"rendered":"<p>Datenschutzerkl\u00e4rung VERARBEITUNG PERSONENBEZOGENER DATEN Sehr geehrte Damen und Herren, gem\u00e4\u00df dem Gesetzesdekret Nr. 196\/2003 (Datenschutzgesetz), das das Gesetz Nr. 675\/1996 ersetzt hat, erfolgt die Verarbeitung Ihrer Daten nach den Grunds\u00e4tzen der Rechtm\u00e4\u00dfigkeit, Transparenz und des Schutzes Ihrer Privatsph\u00e4re und Rechte. Gem\u00e4\u00df Art. 13 des Gesetzesdekrets Nr. 196\/2003 informieren wir Sie wie folgt:Die von Ihnen freiwillig [&hellip;]<\/p>\n","protected":false},"author":1,"featured_media":0,"parent":0,"menu_order":0,"comment_status":"closed","ping_status":"closed","template":"","meta":{"footnotes":""},"class_list":["post-943","page","type-page","status-publish","hentry"],"_links":{"self":[{"href":"https:\/\/www.calypsoevp.com\/de\/wp-json\/wp\/v2\/pages\/943","targetHints":{"allow":["GET"]}}],"collection":[{"href":"https:\/\/www.calypsoevp.com\/de\/wp-json\/wp\/v2\/pages"}],"about":[{"href":"https:\/\/www.calypsoevp.com\/de\/wp-json\/wp\/v2\/types\/page"}],"author":[{"embeddable":true,"href":"https:\/\/www.calypsoevp.com\/de\/wp-json\/wp\/v2\/users\/1"}],"replies":[{"embeddable":true,"href":"https:\/\/www.calypsoevp.com\/de\/wp-json\/wp\/v2\/comments?post=943"}],"version-history":[{"count":7,"href":"https:\/\/www.calypsoevp.com\/de\/wp-json\/wp\/v2\/pages\/943\/revisions"}],"predecessor-version":[{"id":1049,"href":"https:\/\/www.calypsoevp.com\/de\/wp-json\/wp\/v2\/pages\/943\/revisions\/1049"}],"wp:attachment":[{"href":"https:\/\/www.calypsoevp.com\/de\/wp-json\/wp\/v2\/media?parent=943"}],"curies":[{"name":"wp","href":"https:\/\/api.w.org\/{rel}","templated":true}]}}