{"id":945,"date":"2026-03-18T17:51:04","date_gmt":"2026-03-18T16:51:04","guid":{"rendered":"https:\/\/www.calypsoevp.com\/privacy-policy-esp\/"},"modified":"2026-03-24T10:52:26","modified_gmt":"2026-03-24T09:52:26","slug":"politica-de-privacidad","status":"publish","type":"page","link":"https:\/\/www.calypsoevp.com\/es\/politica-de-privacidad\/","title":{"rendered":"Pol\u00edtica de privacidad"},"content":{"rendered":"\t\t<div data-elementor-type=\"wp-page\" data-elementor-id=\"945\" class=\"elementor elementor-945 elementor-411\" data-elementor-post-type=\"page\">\n\t\t\t\t<div class=\"elementor-element elementor-element-8bd8c06 e-flex e-con-boxed e-con e-parent\" data-id=\"8bd8c06\" data-element_type=\"container\" data-e-type=\"container\">\n\t\t\t\t\t<div class=\"e-con-inner\">\n\t\t<div class=\"elementor-element elementor-element-9eb3df6 e-con-full e-flex e-con e-child\" data-id=\"9eb3df6\" data-element_type=\"container\" data-e-type=\"container\">\n\t\t\t\t<div class=\"elementor-element elementor-element-807c52c elementor-widget elementor-widget-heading\" data-id=\"807c52c\" data-element_type=\"widget\" data-e-type=\"widget\" data-widget_type=\"heading.default\">\n\t\t\t\t<div class=\"elementor-widget-container\">\n\t\t\t\t\t<h2 class=\"elementor-heading-title elementor-size-default\">Pol\u00edtica de privacidad<\/h2>\t\t\t\t<\/div>\n\t\t\t\t<\/div>\n\t\t\t\t<div class=\"elementor-element elementor-element-4b228ae elementor-widget elementor-widget-text-editor\" data-id=\"4b228ae\" data-element_type=\"widget\" data-e-type=\"widget\" data-widget_type=\"text-editor.default\">\n\t\t\t\t<div class=\"elementor-widget-container\">\n\t\t\t\t\t\t\t\t\t<p><strong>TRATAMIENTO DE DATOS PERSONALES<\/strong><\/p><p>Estimado\/a se\u00f1or\/a, de conformidad con el Decreto Legislativo n.\u00ba 196\/2003 (C\u00f3digo de Protecci\u00f3n de Datos Personales), el tratamiento de sus datos se realizar\u00e1 conforme a los principios de legalidad, transparencia y protecci\u00f3n de su privacidad.<\/p><p>Seg\u00fan el art\u00edculo 13 del citado decreto, le informamos que:<br \/>Los datos proporcionados voluntariamente ser\u00e1n tratados con la finalidad de gestionar comunicaciones y contactos con clientes.<\/p><p>El tratamiento se realizar\u00e1 en formato papel y\/o electr\u00f3nico. La provisi\u00f3n de nombre, apellidos, direcci\u00f3n, tel\u00e9fono y correo electr\u00f3nico es obligatoria. La negativa puede impedir la prestaci\u00f3n del servicio.<\/p><p>Los datos de contacto permiten informar sobre actividades y servicios.<\/p><p>No se enviar\u00e1 publicidad sin consentimiento previo.<br \/>Los datos sensibles (origen, religi\u00f3n, salud, etc.) no ser\u00e1n tratados sin consentimiento expreso.<\/p><p>El responsable del tratamiento es Ranking Road Italia Srl, Via Emilia Est 216\/A, Parma, Italia.<\/p><p>El tratamiento ser\u00e1 realizado \u00fanicamente por personal autorizado.<\/p><p>Puede ejercer sus derechos de acceso, rectificaci\u00f3n, cancelaci\u00f3n u oposici\u00f3n en cualquier momento.<br \/>M\u00e1s informaci\u00f3n: <a href=\"https:\/\/www.garanteprivacy.it\" target=\"_blank\" rel=\"nofollow noopener\">www.garanteprivacy.it<\/a><\/p>\t\t\t\t\t\t\t\t<\/div>\n\t\t\t\t<\/div>\n\t\t\t\t<\/div>\n\t\t\t\t\t<\/div>\n\t\t\t\t<\/div>\n\t\t\t\t<\/div>\n\t\t","protected":false},"excerpt":{"rendered":"<p>Pol\u00edtica de privacidad TRATAMIENTO DE DATOS PERSONALES Estimado\/a se\u00f1or\/a, de conformidad con el Decreto Legislativo n.\u00ba 196\/2003 (C\u00f3digo de Protecci\u00f3n de Datos Personales), el tratamiento de sus datos se realizar\u00e1 conforme a los principios de legalidad, transparencia y protecci\u00f3n de su privacidad. Seg\u00fan el art\u00edculo 13 del citado decreto, le informamos que:Los datos proporcionados voluntariamente [&hellip;]<\/p>\n","protected":false},"author":1,"featured_media":0,"parent":0,"menu_order":0,"comment_status":"closed","ping_status":"closed","template":"","meta":{"footnotes":""},"class_list":["post-945","page","type-page","status-publish","hentry"],"_links":{"self":[{"href":"https:\/\/www.calypsoevp.com\/es\/wp-json\/wp\/v2\/pages\/945","targetHints":{"allow":["GET"]}}],"collection":[{"href":"https:\/\/www.calypsoevp.com\/es\/wp-json\/wp\/v2\/pages"}],"about":[{"href":"https:\/\/www.calypsoevp.com\/es\/wp-json\/wp\/v2\/types\/page"}],"author":[{"embeddable":true,"href":"https:\/\/www.calypsoevp.com\/es\/wp-json\/wp\/v2\/users\/1"}],"replies":[{"embeddable":true,"href":"https:\/\/www.calypsoevp.com\/es\/wp-json\/wp\/v2\/comments?post=945"}],"version-history":[{"count":10,"href":"https:\/\/www.calypsoevp.com\/es\/wp-json\/wp\/v2\/pages\/945\/revisions"}],"predecessor-version":[{"id":1055,"href":"https:\/\/www.calypsoevp.com\/es\/wp-json\/wp\/v2\/pages\/945\/revisions\/1055"}],"wp:attachment":[{"href":"https:\/\/www.calypsoevp.com\/es\/wp-json\/wp\/v2\/media?parent=945"}],"curies":[{"name":"wp","href":"https:\/\/api.w.org\/{rel}","templated":true}]}}