{"id":935,"date":"2026-03-18T17:51:04","date_gmt":"2026-03-18T16:51:04","guid":{"rendered":"https:\/\/www.calypsoevp.com\/privacy-policy-fra\/"},"modified":"2026-03-24T10:47:47","modified_gmt":"2026-03-24T09:47:47","slug":"politique-de-confidentialite","status":"publish","type":"page","link":"https:\/\/www.calypsoevp.com\/fr\/politique-de-confidentialite\/","title":{"rendered":"Politique de confidentialit\u00e9"},"content":{"rendered":"\t\t<div data-elementor-type=\"wp-page\" data-elementor-id=\"935\" class=\"elementor elementor-935 elementor-411\" data-elementor-post-type=\"page\">\n\t\t\t\t<div class=\"elementor-element elementor-element-8bd8c06 e-flex e-con-boxed e-con e-parent\" data-id=\"8bd8c06\" data-element_type=\"container\" data-e-type=\"container\">\n\t\t\t\t\t<div class=\"e-con-inner\">\n\t\t<div class=\"elementor-element elementor-element-9eb3df6 e-con-full e-flex e-con e-child\" data-id=\"9eb3df6\" data-element_type=\"container\" data-e-type=\"container\">\n\t\t\t\t<div class=\"elementor-element elementor-element-807c52c elementor-widget elementor-widget-heading\" data-id=\"807c52c\" data-element_type=\"widget\" data-e-type=\"widget\" data-widget_type=\"heading.default\">\n\t\t\t\t<div class=\"elementor-widget-container\">\n\t\t\t\t\t<h2 class=\"elementor-heading-title elementor-size-default\">Politique de confidentialit\u00e9<\/h2>\t\t\t\t<\/div>\n\t\t\t\t<\/div>\n\t\t\t\t<div class=\"elementor-element elementor-element-4b228ae elementor-widget elementor-widget-text-editor\" data-id=\"4b228ae\" data-element_type=\"widget\" data-e-type=\"widget\" data-widget_type=\"text-editor.default\">\n\t\t\t\t<div class=\"elementor-widget-container\">\n\t\t\t\t\t\t\t\t\t<p><strong>TRAITEMENT DES DONN\u00c9ES PERSONNELLES<\/strong><\/p><p>Madame, Monsieur, conform\u00e9ment au d\u00e9cret l\u00e9gislatif n\u00b0 196\/2003 (Code en mati\u00e8re de protection des donn\u00e9es personnelles), qui a remplac\u00e9 la loi n\u00b0 675\/1996, le traitement des informations vous concernant sera effectu\u00e9 dans le respect des principes de loyaut\u00e9, de lic\u00e9it\u00e9 et de transparence, ainsi que de protection de votre vie priv\u00e9e et de vos droits.<\/p><p>Conform\u00e9ment \u00e0 l\u2019article 13 du d\u00e9cret l\u00e9gislatif n\u00b0 196\/2003 (ancien art. 10 de la loi 675\/1996), nous vous fournissons les informations suivantes :<br \/>Les donn\u00e9es que vous fournissez volontairement seront trait\u00e9es, dans le respect de la r\u00e9glementation sur la protection des donn\u00e9es, aux fins suivantes : archivage des donn\u00e9es clients pour d\u2019\u00e9ventuelles communications et contacts.<\/p><p>Le traitement sera effectu\u00e9 par des moyens papier et\/ou informatis\u00e9s. La fourniture des donn\u00e9es relatives au nom, pr\u00e9nom, adresse, num\u00e9ro de t\u00e9l\u00e9phone et adresse e-mail est obligatoire afin de pouvoir vous fournir les services demand\u00e9s.<\/p><p>Le refus de fournir ces donn\u00e9es peut entra\u00eener l\u2019impossibilit\u00e9 totale ou partielle de fournir le service propos\u00e9 par Ranking Road Italia Srl.<\/p><p>La fourniture du num\u00e9ro de t\u00e9l\u00e9phone et de l\u2019adresse e-mail a pour finalit\u00e9 de permettre \u00e0 Ranking Road Italia de vous informer et de vous tenir \u00e0 jour sur ses activit\u00e9s et services destin\u00e9s aux clients.<\/p><p>Les donn\u00e9es personnelles ne seront pas utilis\u00e9es pour l\u2019envoi de mat\u00e9riel publicitaire ou promotionnel sans le consentement pr\u00e9alable explicite de la personne concern\u00e9e.<\/p><p>Nous vous informons que les donn\u00e9es personnelles susceptibles de r\u00e9v\u00e9ler l\u2019origine raciale ou ethnique, les convictions religieuses, philosophiques ou autres, les opinions politiques, l\u2019adh\u00e9sion \u00e0 des partis, syndicats ou organisations, ainsi que les donn\u00e9es relatives \u00e0 la sant\u00e9 ou \u00e0 la vie sexuelle, sont des donn\u00e9es sensibles. Ces donn\u00e9es, ainsi que les donn\u00e9es judiciaires que vous pourriez fournir, ne seront pas trait\u00e9es sans votre consentement \u00e9crit explicite.<\/p><p>Le responsable du traitement est Ranking Road Italia Srl, dont le si\u00e8ge est situ\u00e9 Via Emilia Est, 216\/A \u2013 43123 Parme, Italie.<\/p><p>Le traitement des donn\u00e9es a lieu \u00e0 cette adresse et est effectu\u00e9 uniquement par le personnel autoris\u00e9.<\/p><p>\u00c0 tout moment, vous pouvez exercer vos droits conform\u00e9ment \u00e0 l\u2019article 7 du Code de la vie priv\u00e9e, notamment : obtenir confirmation de l\u2019existence de donn\u00e9es vous concernant, en demander la communication, la mise \u00e0 jour, la rectification, la suppression ou l\u2019anonymisation, ou vous opposer \u00e0 leur traitement pour des motifs l\u00e9gitimes.<\/p><p>Pour plus d\u2019informations sur vos droits en mati\u00e8re de protection des donn\u00e9es, veuillez consulter le site de l\u2019Autorit\u00e9 garante : www.garanteprivacy.it<\/p>\t\t\t\t\t\t\t\t<\/div>\n\t\t\t\t<\/div>\n\t\t\t\t<\/div>\n\t\t\t\t\t<\/div>\n\t\t\t\t<\/div>\n\t\t\t\t<\/div>\n\t\t","protected":false},"excerpt":{"rendered":"<p>Politique de confidentialit\u00e9 TRAITEMENT DES DONN\u00c9ES PERSONNELLES Madame, Monsieur, conform\u00e9ment au d\u00e9cret l\u00e9gislatif n\u00b0 196\/2003 (Code en mati\u00e8re de protection des donn\u00e9es personnelles), qui a remplac\u00e9 la loi n\u00b0 675\/1996, le traitement des informations vous concernant sera effectu\u00e9 dans le respect des principes de loyaut\u00e9, de lic\u00e9it\u00e9 et de transparence, ainsi que de protection de [&hellip;]<\/p>\n","protected":false},"author":1,"featured_media":0,"parent":0,"menu_order":0,"comment_status":"closed","ping_status":"closed","template":"","meta":{"footnotes":""},"class_list":["post-935","page","type-page","status-publish","hentry"],"_links":{"self":[{"href":"https:\/\/www.calypsoevp.com\/fr\/wp-json\/wp\/v2\/pages\/935","targetHints":{"allow":["GET"]}}],"collection":[{"href":"https:\/\/www.calypsoevp.com\/fr\/wp-json\/wp\/v2\/pages"}],"about":[{"href":"https:\/\/www.calypsoevp.com\/fr\/wp-json\/wp\/v2\/types\/page"}],"author":[{"embeddable":true,"href":"https:\/\/www.calypsoevp.com\/fr\/wp-json\/wp\/v2\/users\/1"}],"replies":[{"embeddable":true,"href":"https:\/\/www.calypsoevp.com\/fr\/wp-json\/wp\/v2\/comments?post=935"}],"version-history":[{"count":7,"href":"https:\/\/www.calypsoevp.com\/fr\/wp-json\/wp\/v2\/pages\/935\/revisions"}],"predecessor-version":[{"id":1046,"href":"https:\/\/www.calypsoevp.com\/fr\/wp-json\/wp\/v2\/pages\/935\/revisions\/1046"}],"wp:attachment":[{"href":"https:\/\/www.calypsoevp.com\/fr\/wp-json\/wp\/v2\/media?parent=935"}],"curies":[{"name":"wp","href":"https:\/\/api.w.org\/{rel}","templated":true}]}}